{"id":126,"date":"2022-01-11T10:15:40","date_gmt":"2022-01-11T10:15:40","guid":{"rendered":"https:\/\/kotijapihakotiranta.fi\/?page_id=126"},"modified":"2023-06-02T16:08:07","modified_gmt":"2023-06-02T16:08:07","slug":"tietoa-yrityksesta","status":"publish","type":"page","link":"https:\/\/kotijapihakotiranta.fi\/index.php\/tietoa-yrityksesta\/","title":{"rendered":"HINNASTO"},"content":{"rendered":"<div data-colibri-id=\"126-c1\" class=\"style-423 style-local-126-c1 position-relative\">\n  <!---->\n  <div data-colibri-component=\"section\" data-colibri-id=\"126-c2\" id=\"overlappable\" class=\"h-section h-section-global-spacing d-flex align-items-lg-center align-items-md-center align-items-center style-498 style-local-126-c2 position-relative\">\n    <!---->\n    <!---->\n    <div class=\"h-section-grid-container h-section-boxed-container\">\n      <!---->\n      <div data-colibri-id=\"126-c3\" class=\"h-row-container gutters-row-lg-0 gutters-row-md-0 gutters-row-2 gutters-row-v-lg-0 gutters-row-v-md-0 gutters-row-v-2 style-499 style-local-126-c3 position-relative\">\n        <!---->\n        <div class=\"h-row justify-content-lg-center justify-content-md-center justify-content-center align-items-lg-stretch align-items-md-stretch align-items-stretch gutters-col-lg-0 gutters-col-md-0 gutters-col-2 gutters-col-v-lg-0 gutters-col-v-md-0 gutters-col-v-2\">\n          <!---->\n          <div class=\"h-column h-column-container d-flex h-col-lg-4 h-col-md-4 h-col-12 style-500-outer style-local-126-c4-outer\">\n            <div data-colibri-id=\"126-c4\" class=\"d-flex h-flex-basis h-column__inner h-px-lg-3 h-px-md-3 h-px-2 v-inner-lg-3 v-inner-md-3 v-inner-2 style-500 style-local-126-c4 position-relative\">\n              <!---->\n              <!---->\n              <div class=\"w-100 h-y-container h-column__content h-column__v-align flex-basis-100 align-self-lg-start align-self-md-start align-self-start\">\n                <!---->\n                <div data-colibri-id=\"126-c5\" class=\"h-icon style-501 style-local-126-c5 position-relative h-element\">\n                  <!----><span class=\"h-svg-icon h-icon__icon style-501-icon style-local-126-c5-icon\"><!--Icon by Icons8 Line Awesome (https:\/\/icons8.com\/line-awesome)--><svg version=\"1.1\" xmlns=\"http:\/\/www.w3.org\/2000\/svg\" xmlns:xlink=\"http:\/\/www.w3.org\/1999\/xlink\" id=\"money\" viewBox=\"0 0 512 545.5\"><path d=\"M447 108l12 68h-32.5l-5.5-31-181 31H50.5zM32 192h448v256H32V192zm79 32c.533 2.603 1 5.238 1 8 0 22.092-17.908 40-40 40-2.762 0-5.396-.467-8-1v98c2.603-.533 5.238-1 8-1 22.092 0 40 17.908 40 40 0 2.762-.467 5.396-1 8h290c-.533-2.603-1-5.238-1-8 0-22.092 17.908-40 40-40 2.762 0 5.396.467 8 1v-98c-2.603.533-5.238 1-8 1-22.092 0-40-17.908-40-40 0-2.762.467-5.396 1-8H111zm145 16c43.993 0 80 36.007 80 80s-36.007 80-80 80-80-36.007-80-80 36.007-80 80-80zm0 32c-26.7 0-48 21.3-48 48s21.3 48 48 48 48-21.3 48-48-21.3-48-48-48z\"><\/path><\/svg><\/span><\/div>\n                <div\n                  data-colibri-id=\"126-c6\" class=\"h-global-transition-all h-heading style-502 style-local-126-c6 position-relative h-element\">\n                  <!---->\n                  <div class=\"h-heading__outer style-502 style-local-126-c6\">\n                    <!---->\n                    <!---->\n                    <h5 class=\"\">KOTIPALVELU<\/h5>\n                  <\/div>\n              <\/div>\n              <div data-colibri-id=\"126-c7\" class=\"h-text h-text-component style-503 style-local-126-c7 position-relative h-element\">\n                <!---->\n                <!---->\n                <div class=\"\">\n                  <p>36\u20ac\/h+ alv<\/p>\n                  <p>-Kotisiivoukset (viikko ja yll\u00e4pitosiivoukset)<\/p>\n                  <p>-Ikkunoiden pesut<\/p>\n                  <p>-Pyykinpesut ja silitykset<\/p>\n                  <p>-Ruoanlaitto ja leipominen<\/p>\n                  <p>-Henkil\u00f6kohtainen avustaminen<\/p>\n                  <p>-Asiointipalvelut<\/p>\n                  <p>-Tilap\u00e4ist\u00e4 lastenhoitoapua<\/p>\n                  <p>-Muutto ja suursiivoukset (40\u20ac\/h + alv)<\/p>\n                  <p>\n                    <br>\n                  <\/p>\n                <\/div>\n              <\/div>\n            <\/div>\n          <\/div>\n        <\/div>\n        <div class=\"h-column h-column-container d-flex h-col-lg-4 h-col-md-4 h-col-12 style-500-outer style-local-126-c8-outer\">\n          <div data-colibri-id=\"126-c8\" class=\"d-flex h-flex-basis h-column__inner h-px-lg-3 h-px-md-3 h-px-2 v-inner-lg-3 v-inner-md-3 v-inner-2 style-500 style-local-126-c8 position-relative\">\n            <!---->\n            <!---->\n            <div class=\"w-100 h-y-container h-column__content h-column__v-align flex-basis-100 align-self-lg-start align-self-md-start align-self-start\">\n              <!---->\n              <div data-colibri-id=\"126-c9\" class=\"h-icon style-501 style-local-126-c9 position-relative h-element\">\n                <!----><span class=\"h-svg-icon h-icon__icon style-501-icon style-local-126-c9-icon\"><!--Icon by Icons8 Line Awesome (https:\/\/icons8.com\/line-awesome)--><svg version=\"1.1\" xmlns=\"http:\/\/www.w3.org\/2000\/svg\" xmlns:xlink=\"http:\/\/www.w3.org\/1999\/xlink\" id=\"money\" viewBox=\"0 0 512 545.5\"><path d=\"M447 108l12 68h-32.5l-5.5-31-181 31H50.5zM32 192h448v256H32V192zm79 32c.533 2.603 1 5.238 1 8 0 22.092-17.908 40-40 40-2.762 0-5.396-.467-8-1v98c2.603-.533 5.238-1 8-1 22.092 0 40 17.908 40 40 0 2.762-.467 5.396-1 8h290c-.533-2.603-1-5.238-1-8 0-22.092 17.908-40 40-40 2.762 0 5.396.467 8 1v-98c-2.603.533-5.238 1-8 1-22.092 0-40-17.908-40-40 0-2.762.467-5.396 1-8H111zm145 16c43.993 0 80 36.007 80 80s-36.007 80-80 80-80-36.007-80-80 36.007-80 80-80zm0 32c-26.7 0-48 21.3-48 48s21.3 48 48 48 48-21.3 48-48-21.3-48-48-48z\"><\/path><\/svg><\/span><\/div>\n              <div\n                data-colibri-id=\"126-c10\" class=\"h-global-transition-all h-heading style-502 style-local-126-c10 position-relative h-element\">\n                <!---->\n                <div class=\"h-heading__outer style-502 style-local-126-c10\">\n                  <!---->\n                  <!---->\n                  <h5 class=\"\">YRITYSSIIVOUS<\/h5>\n                <\/div>\n            <\/div>\n            <div data-colibri-id=\"126-c11\" class=\"h-text h-text-component style-503 style-local-126-c11 position-relative h-element\">\n              <!---->\n              <!---->\n              <div class=\"\">\n                <p>40\u20ac\/h + alv&nbsp;<\/p>\n                <p>-Yrityssiivoukset<\/p>\n                <p>-Ikkunoiden pesut<\/p>\n                <p>\n                  <br>\n                <\/p>\n              <\/div>\n            <\/div>\n          <\/div>\n        <\/div>\n      <\/div>\n      <div class=\"h-column h-column-container d-flex h-col-lg-4 h-col-md-4 h-col-12 style-500-outer style-local-126-c12-outer\">\n        <div data-colibri-id=\"126-c12\" class=\"d-flex h-flex-basis h-column__inner h-px-lg-3 h-px-md-3 h-px-2 v-inner-lg-3 v-inner-md-3 v-inner-2 style-500 style-local-126-c12 position-relative\">\n          <!---->\n          <!---->\n          <div class=\"w-100 h-y-container h-column__content h-column__v-align flex-basis-100 align-self-lg-start align-self-md-start align-self-start\">\n            <!---->\n            <div data-colibri-id=\"126-c13\" class=\"h-icon style-501 style-local-126-c13 position-relative h-element\">\n              <!----><span class=\"h-svg-icon h-icon__icon style-501-icon style-local-126-c13-icon\"><!--Icon by Icons8 Line Awesome (https:\/\/icons8.com\/line-awesome)--><svg version=\"1.1\" xmlns=\"http:\/\/www.w3.org\/2000\/svg\" xmlns:xlink=\"http:\/\/www.w3.org\/1999\/xlink\" id=\"money\" viewBox=\"0 0 512 545.5\"><path d=\"M447 108l12 68h-32.5l-5.5-31-181 31H50.5zM32 192h448v256H32V192zm79 32c.533 2.603 1 5.238 1 8 0 22.092-17.908 40-40 40-2.762 0-5.396-.467-8-1v98c2.603-.533 5.238-1 8-1 22.092 0 40 17.908 40 40 0 2.762-.467 5.396-1 8h290c-.533-2.603-1-5.238-1-8 0-22.092 17.908-40 40-40 2.762 0 5.396.467 8 1v-98c-2.603.533-5.238 1-8 1-22.092 0-40-17.908-40-40 0-2.762.467-5.396 1-8H111zm145 16c43.993 0 80 36.007 80 80s-36.007 80-80 80-80-36.007-80-80 36.007-80 80-80zm0 32c-26.7 0-48 21.3-48 48s21.3 48 48 48 48-21.3 48-48-21.3-48-48-48z\"><\/path><\/svg><\/span><\/div>\n            <div\n              data-colibri-id=\"126-c14\" class=\"h-global-transition-all h-heading style-502 style-local-126-c14 position-relative h-element\">\n              <!---->\n              <div class=\"h-heading__outer style-502 style-local-126-c14\">\n                <!---->\n                <!---->\n                <h5 class=\"\">PUUTARHATY\u00d6T<\/h5>\n              <\/div>\n          <\/div>\n          <div data-colibri-id=\"126-c15\" class=\"h-text h-text-component style-503 style-local-126-c15 position-relative h-element\">\n            <!---->\n            <!---->\n            <div class=\"\">\n              <p>40\u20ac\/h + alv<\/p>\n              <p><span style=\"font-weight: 400; font-size: 16px; font-family: &quot;Open Sans&quot;; color: rgb(102, 102, 102);\">-Puutarhurin palvelut kuten pensaiden, puiden ja ryhm\u00e4kasvien istutukset ja leikkaukset<\/span><\/p>\n            <\/div>\n          <\/div>\n        <\/div>\n      <\/div>\n    <\/div>\n  <\/div>\n<\/div>\n<div data-colibri-id=\"126-c16\" class=\"h-row-container gutters-row-lg-2 gutters-row-md-2 gutters-row-0 gutters-row-v-lg-2 gutters-row-v-md-2 gutters-row-v-2 style-506 style-local-126-c16 position-relative\">\n  <!---->\n  <div class=\"h-row justify-content-lg-center justify-content-md-center justify-content-center align-items-lg-stretch align-items-md-stretch align-items-stretch gutters-col-lg-2 gutters-col-md-2 gutters-col-0 gutters-col-v-lg-2 gutters-col-v-md-2 gutters-col-v-2\">\n    <!---->\n    <div class=\"h-column h-column-container d-flex h-col-lg-auto h-col-md-auto h-col-auto style-507-outer style-local-126-c17-outer\">\n      <div data-colibri-id=\"126-c17\" class=\"d-flex h-flex-basis h-column__inner h-ui-empty-state-container h-px-lg-2 h-px-md-2 h-px-2 v-inner-lg-2 v-inner-md-2 v-inner-2 style-507 style-local-126-c17 position-relative\">\n        <!---->\n        <!---->\n        <div class=\"w-100 h-y-container h-column__content h-column__v-align flex-basis-100\">\n          <!---->\n        <\/div>\n      <\/div>\n    <\/div>\n  <\/div>\n<\/div>\n<\/div>\n<\/div>\n<\/div>","protected":false},"excerpt":{"rendered":"<p>KOTIPALVELU 36\u20ac\/h+ alv -Kotisiivoukset (viikko ja yll\u00e4pitosiivoukset) -Ikkunoiden pesut -Pyykinpesut ja silitykset -Ruoanlaitto ja leipominen -Henkil\u00f6kohtainen avustaminen -Asiointipalvelut -Tilap\u00e4ist\u00e4 lastenhoitoapua -Muutto ja suursiivoukset (40\u20ac\/h + alv) YRITYSSIIVOUS 40\u20ac\/h + alv&nbsp; -Yrityssiivoukset -Ikkunoiden pesut PUUTARHATY\u00d6T 40\u20ac\/h + alv -Puutarhurin palvelut kuten pensaiden, puiden ja ryhm\u00e4kasvien istutukset ja leikkaukset<\/p>\n","protected":false},"author":1,"featured_media":115,"parent":0,"menu_order":0,"comment_status":"closed","ping_status":"closed","template":"page-templates\/full-width-page.php","meta":{"_regular_price":[],"currency_symbol":[]},"post_slider_layout_featured_media_urls":{"thumbnail":["https:\/\/kotijapihakotiranta.fi\/wp-content\/uploads\/2022\/01\/scandinavian-living-room-2132348_1280-150x150.jpg",150,150,true],"post_slider_layout_landscape_large":["https:\/\/kotijapihakotiranta.fi\/wp-content\/uploads\/2022\/01\/scandinavian-living-room-2132348_1280-1200x800.jpg",1200,800,true],"post_slider_layout_portrait_large":["https:\/\/kotijapihakotiranta.fi\/wp-content\/uploads\/2022\/01\/scandinavian-living-room-2132348_1280-1200x853.jpg",1200,853,true],"post_slider_layout_square_large":["https:\/\/kotijapihakotiranta.fi\/wp-content\/uploads\/2022\/01\/scandinavian-living-room-2132348_1280-1200x853.jpg",1200,853,true],"post_slider_layout_landscape":["https:\/\/kotijapihakotiranta.fi\/wp-content\/uploads\/2022\/01\/scandinavian-living-room-2132348_1280-600x400.jpg",600,400,true],"post_slider_layout_portrait":["https:\/\/kotijapihakotiranta.fi\/wp-content\/uploads\/2022\/01\/scandinavian-living-room-2132348_1280-600x853.jpg",600,853,true],"post_slider_layout_square":["https:\/\/kotijapihakotiranta.fi\/wp-content\/uploads\/2022\/01\/scandinavian-living-room-2132348_1280-600x600.jpg",600,600,true],"full":["https:\/\/kotijapihakotiranta.fi\/wp-content\/uploads\/2022\/01\/scandinavian-living-room-2132348_1280.jpg",1280,853,false]},"_links":{"self":[{"href":"https:\/\/kotijapihakotiranta.fi\/index.php\/wp-json\/wp\/v2\/pages\/126"}],"collection":[{"href":"https:\/\/kotijapihakotiranta.fi\/index.php\/wp-json\/wp\/v2\/pages"}],"about":[{"href":"https:\/\/kotijapihakotiranta.fi\/index.php\/wp-json\/wp\/v2\/types\/page"}],"author":[{"embeddable":true,"href":"https:\/\/kotijapihakotiranta.fi\/index.php\/wp-json\/wp\/v2\/users\/1"}],"replies":[{"embeddable":true,"href":"https:\/\/kotijapihakotiranta.fi\/index.php\/wp-json\/wp\/v2\/comments?post=126"}],"version-history":[{"count":14,"href":"https:\/\/kotijapihakotiranta.fi\/index.php\/wp-json\/wp\/v2\/pages\/126\/revisions"}],"predecessor-version":[{"id":783,"href":"https:\/\/kotijapihakotiranta.fi\/index.php\/wp-json\/wp\/v2\/pages\/126\/revisions\/783"}],"wp:featuredmedia":[{"embeddable":true,"href":"https:\/\/kotijapihakotiranta.fi\/index.php\/wp-json\/wp\/v2\/media\/115"}],"wp:attachment":[{"href":"https:\/\/kotijapihakotiranta.fi\/index.php\/wp-json\/wp\/v2\/media?parent=126"}],"curies":[{"name":"wp","href":"https:\/\/api.w.org\/{rel}","templated":true}]}}